{"id":425,"date":"2019-07-17T07:15:38","date_gmt":"2019-07-17T05:15:38","guid":{"rendered":"http:\/\/www.nueveojos.com\/?page_id=425"},"modified":"2021-09-09T12:52:07","modified_gmt":"2021-09-09T10:52:07","slug":"nosotros","status":"publish","type":"page","link":"https:\/\/www.nueveojos.com\/ca\/nosotros\/","title":{"rendered":"Nosaltres"},"content":{"rendered":"<h3 style=\"text-align: left;\">Estudi d&#8217;art digital<\/h3>\n<div class='content-column one_half'><p>A <strong>nueveojos<\/strong> ens dediquem a la comunicaci\u00f3 audiovisual amb un inter\u00e8s particular pel m\u00f3n de la cultura. Concebem aquesta feina des d\u2019una perspectiva d\u2019autor, \u00e9s per aix\u00f2 que cada projecte constitueix un espai obert de creaci\u00f3.<\/p>\n<p>Des de 2008 donem servei a productores, ag\u00e8ncies, institucions p\u00fabliques, artistes i tota mena de creadors.<\/p>\n<p>Som un equip format per tres realitzadors experts en postproducci\u00f3 i direcci\u00f3 d\u2019art que col\u00b7labora amb els millors especialistes i creatius. Entenem la producci\u00f3 des d\u2019una \u00f2ptica multidisciplin\u00e0ria i cooperativa, per aix\u00f2 cada enc\u00e0rrec es converteix en una pe\u00e7a de comunicaci\u00f3 \u00fanica.<\/p>\n<p>En definitiva, comuniquem idees amb imatges. Aix\u00f2 \u00e9s el que ens agrada i aix\u00f2 \u00e9s el que fem.<\/p>\n<p><a class=\"boton\" href=\"http:\/\/www.nueveojos.com\/pdf\/dossier_nueveojos.pdf\" target=\"_blank\" rel=\"noopener noreferrer\">Dossier Pdf<\/a><\/p><\/div><div class='content-column one_half last_column'><\/div><div class='clear_column'><\/div>\n<div class='content-column full_width'><div class='content-column one_fourth'><h3><img loading=\"lazy\" decoding=\"async\" class=\"wp-image-478 size-full alignnone\" src=\"http:\/\/www.nueveojos.com\/wp-content\/uploads\/mariona-omedes-200x200.jpg\" alt=\"\" width=\"200\" height=\"200\" \/><\/h3>\n<h3>Mariona Omedes<\/h3>\n<p>Realitzadora i directora d\u2019Art<\/p>\n<p>El 2011 rep el Premi Nacional de Cultura de Catalunya atorgat per CoNCA, en la categoria d\u2019audiovisual.<\/p>\n<p>Desenvolupa els seus coneixements treballant durant deu anys (1989-1999) a l\u2019empresa de postproducci\u00f3 digital Oframe, que acaba dirigint.<\/p>\n<p>Des del 2000 fins al 2008, treballa com a freelance, per a clients com el Gran Teatre del Liceu, el Palau de la M\u00fasica Catalana, el CCCB, TVE, Canal +, Bausan Films i col\u00b7labora amb artistes com Bigas Luna, Jos\u00e9 Luis Guer\u00edn, Federic Amat, Manuel Huerga, Mariscal o El Tricicle.<\/p>\n<p><a title=\"web mariona omedes\" href=\"http:\/\/www.marionaomedes.com\/\" target=\"_blank\" rel=\"noopener noreferrer\">web personal<\/a><br \/>\n<a title=\"reel mariona omedes\" href=\"https:\/\/vimeo.com\/12984279\" target=\"_blank\" rel=\"noopener noreferrer\">reel fins 2008<\/a><br \/>\n<a title=\"curriculum mariona\" href=\"http:\/\/www.nueveojos.com\/pdf\/cv_mariona_omedes.pdf\" target=\"_blank\" rel=\"noopener noreferrer\">curriculum Pdf<\/a><br \/><\/div>\n<div class='content-column one_fourth'><p><img loading=\"lazy\" decoding=\"async\" class=\"alignnone wp-image-479 size-full\" src=\"http:\/\/www.nueveojos.com\/wp-content\/uploads\/carles-mora-200x200.jpg\" alt=\"\" width=\"200\" height=\"200\" \/><\/p>\n<h3>Carles Mora<\/h3>\n<p>Realitzador i director t\u00e8cnic<\/p>\n<p>S\u2019inicia com a dissenyador gr\u00e0fic a Idep el 1996 i el 2000 decideix dedicar-se plenament al m\u00f3n audiovisual.<\/p>\n<p>Rep diversos premis com a realitzador de videoclips, com ara el Barcelona Visual Sound, el Festival Cl\u2019hips o el FIC-CAT.<br \/><\/div>\n<div class='content-column one_fourth'><p><img loading=\"lazy\" decoding=\"async\" class=\"alignnone wp-image-480 size-full\" src=\"http:\/\/www.nueveojos.com\/wp-content\/uploads\/karin-du-croo-200x200.jpg\" alt=\"\" width=\"200\" height=\"200\" \/><\/p>\n<h3>Karin du Croo<\/h3>\n<p>Realitzadora i directora d\u2019Art<\/p>\n<p>Llicenciada en Belles Arts per la UB el 1997, se\u2019n va a Chicago a completar la seva formaci\u00f3 a l\u2019Arts Institute.<\/p>\n<p>El 2007 cursa amb m\u00e8rits el m\u00e0ster en Direcci\u00f3 d\u2019Art a Blanquerna i el 2008 realitza el Postgrau de tipografia de l\u2019Escola Eina.<\/p>\n<p>Inicia la seva traject\u00f2ria al portal d\u2019internet Terra Networks a Madrid, com a directora d\u2019art del departament multim\u00e8dia.<\/p>\n<p>Ha desenvolupat projectes audiovisuals per a clients com FCBarcelona, F\u00f2rum 2004, Tour de Fran\u00e7a, DEC BBDO, Repsol, Fundaci\u00f3 Orange i Aymerich Comunicaci\u00f3.<br \/><\/div>\n<div class='content-column one_fourth last_column'><p><img loading=\"lazy\" decoding=\"async\" class=\"alignnone wp-image-481 size-full\" src=\"http:\/\/www.nueveojos.com\/wp-content\/uploads\/eli-arnacat-200x200.jpg\" alt=\"\" width=\"200\" height=\"200\" \/><\/p>\n<h3>Elisenda Arnavat<\/h3>\n<p>Directora de Producci\u00f3<\/p>\n<div class=\"QmZWSe\"><\/div>\n<p>Llicenciada en Periodisme per la UAB el 2004, s&#8217;especialitza en el camp audiovisual.<\/p>\n<p>Des del 2005 fins el 2013 treballa en diversos programes d&#8217;entreteniment per a televisi\u00f3 complint tasques que van des de la redacci\u00f3 de continguts i elaboraci\u00f3 d&#8217;entrevistes fins a la coordinaci\u00f3 de rodatges, postproducci\u00f3 i direcci\u00f3. Ha treballat en empreses com Gestmusic Endemol, Veranda TV, Videomedia o TVFlash.<\/p>\n<p>El 2008 viaja a Londres per complementar la seva formaci\u00f3 en el terreny del documental audiovisual, a la Met Film School.<br \/><\/div><div class='clear_column'><\/div><\/div>\n<div class='content-column full_width'><hr \/><\/div>\n<div class='content-column full_width'><\/div>","protected":false},"excerpt":{"rendered":"<p>Estudi d&#8217;art digital<\/p>\n","protected":false},"author":1,"featured_media":0,"parent":0,"menu_order":4,"comment_status":"closed","ping_status":"closed","template":"plantilla-con-cabecera.php","meta":{"footnotes":""},"class_list":["post-425","page","type-page","status-publish","hentry"],"yoast_head":"<!-- This site is optimized with the Yoast SEO plugin v26.6 - https:\/\/yoast.com\/wordpress\/plugins\/seo\/ -->\n<title>Nosaltres - nueveojos<\/title>\n<meta name=\"robots\" content=\"index, follow, max-snippet:-1, max-image-preview:large, max-video-preview:-1\" \/>\n<link rel=\"canonical\" href=\"https:\/\/www.nueveojos.com\/ca\/nosotros\/\" \/>\n<meta property=\"og:locale\" content=\"ca_ES\" \/>\n<meta property=\"og:type\" content=\"article\" \/>\n<meta property=\"og:title\" content=\"[:es]Nosotros[:ca]Nosaltres[:en]About us[:] - nueveojos\" \/>\n<meta property=\"og:description\" content=\"Estudi d&#8217;art digital\" \/>\n<meta property=\"og:url\" content=\"https:\/\/www.nueveojos.com\/ca\/nosotros\/\" \/>\n<meta property=\"og:site_name\" content=\"nueveojos\" \/>\n<meta property=\"article:modified_time\" content=\"2021-09-09T10:52:07+00:00\" \/>\n<meta property=\"og:image\" content=\"http:\/\/www.nueveojos.com\/wp-content\/uploads\/mariona-omedes-200x200.jpg\" \/>\n<meta name=\"twitter:card\" content=\"summary_large_image\" \/>\n<meta name=\"twitter:label1\" content=\"Temps estimat de lectura\" \/>\n\t<meta name=\"twitter:data1\" content=\"7 minuts\" \/>\n<script type=\"application\/ld+json\" class=\"yoast-schema-graph\">{\"@context\":\"https:\/\/schema.org\",\"@graph\":[{\"@type\":\"WebPage\",\"@id\":\"https:\/\/www.nueveojos.com\/ca\/nosotros\/\",\"url\":\"https:\/\/www.nueveojos.com\/ca\/nosotros\/\",\"name\":\"[:es]Nosotros[:ca]Nosaltres[:en]About us[:] - nueveojos\",\"isPartOf\":{\"@id\":\"https:\/\/www.nueveojos.com\/#website\"},\"primaryImageOfPage\":{\"@id\":\"https:\/\/www.nueveojos.com\/ca\/nosotros\/#primaryimage\"},\"image\":{\"@id\":\"https:\/\/www.nueveojos.com\/ca\/nosotros\/#primaryimage\"},\"thumbnailUrl\":\"http:\/\/www.nueveojos.com\/wp-content\/uploads\/mariona-omedes-200x200.jpg\",\"datePublished\":\"2019-07-17T05:15:38+00:00\",\"dateModified\":\"2021-09-09T10:52:07+00:00\",\"breadcrumb\":{\"@id\":\"https:\/\/www.nueveojos.com\/ca\/nosotros\/#breadcrumb\"},\"inLanguage\":\"ca\",\"potentialAction\":[{\"@type\":\"ReadAction\",\"target\":[\"https:\/\/www.nueveojos.com\/ca\/nosotros\/\"]}]},{\"@type\":\"ImageObject\",\"inLanguage\":\"ca\",\"@id\":\"https:\/\/www.nueveojos.com\/ca\/nosotros\/#primaryimage\",\"url\":\"http:\/\/www.nueveojos.com\/wp-content\/uploads\/mariona-omedes-200x200.jpg\",\"contentUrl\":\"http:\/\/www.nueveojos.com\/wp-content\/uploads\/mariona-omedes-200x200.jpg\"},{\"@type\":\"BreadcrumbList\",\"@id\":\"https:\/\/www.nueveojos.com\/ca\/nosotros\/#breadcrumb\",\"itemListElement\":[{\"@type\":\"ListItem\",\"position\":1,\"name\":\"Home\",\"item\":\"https:\/\/www.nueveojos.com\/\"},{\"@type\":\"ListItem\",\"position\":2,\"name\":\"Nosaltres\"}]},{\"@type\":\"WebSite\",\"@id\":\"https:\/\/www.nueveojos.com\/#website\",\"url\":\"https:\/\/www.nueveojos.com\/\",\"name\":\"nueveojos\",\"description\":\"Estudi d&#039;art digital i shows multim\u00e8dia\",\"potentialAction\":[{\"@type\":\"SearchAction\",\"target\":{\"@type\":\"EntryPoint\",\"urlTemplate\":\"https:\/\/www.nueveojos.com\/?s={search_term_string}\"},\"query-input\":{\"@type\":\"PropertyValueSpecification\",\"valueRequired\":true,\"valueName\":\"search_term_string\"}}],\"inLanguage\":\"ca\"}]}<\/script>\n<!-- \/ Yoast SEO plugin. -->","yoast_head_json":{"title":"[:es]Nosotros[:ca]Nosaltres[:en]About us[:] - nueveojos","robots":{"index":"index","follow":"follow","max-snippet":"max-snippet:-1","max-image-preview":"max-image-preview:large","max-video-preview":"max-video-preview:-1"},"canonical":"https:\/\/www.nueveojos.com\/ca\/nosotros\/","og_locale":"ca_ES","og_type":"article","og_title":"[:es]Nosotros[:ca]Nosaltres[:en]About us[:] - nueveojos","og_description":"Estudi d&#8217;art digital","og_url":"https:\/\/www.nueveojos.com\/ca\/nosotros\/","og_site_name":"nueveojos","article_modified_time":"2021-09-09T10:52:07+00:00","og_image":[{"url":"http:\/\/www.nueveojos.com\/wp-content\/uploads\/mariona-omedes-200x200.jpg","type":"","width":"","height":""}],"twitter_card":"summary_large_image","twitter_misc":{"Temps estimat de lectura":"7 minuts"},"schema":{"@context":"https:\/\/schema.org","@graph":[{"@type":"WebPage","@id":"https:\/\/www.nueveojos.com\/ca\/nosotros\/","url":"https:\/\/www.nueveojos.com\/ca\/nosotros\/","name":"[:es]Nosotros[:ca]Nosaltres[:en]About us[:] - nueveojos","isPartOf":{"@id":"https:\/\/www.nueveojos.com\/#website"},"primaryImageOfPage":{"@id":"https:\/\/www.nueveojos.com\/ca\/nosotros\/#primaryimage"},"image":{"@id":"https:\/\/www.nueveojos.com\/ca\/nosotros\/#primaryimage"},"thumbnailUrl":"http:\/\/www.nueveojos.com\/wp-content\/uploads\/mariona-omedes-200x200.jpg","datePublished":"2019-07-17T05:15:38+00:00","dateModified":"2021-09-09T10:52:07+00:00","breadcrumb":{"@id":"https:\/\/www.nueveojos.com\/ca\/nosotros\/#breadcrumb"},"inLanguage":"ca","potentialAction":[{"@type":"ReadAction","target":["https:\/\/www.nueveojos.com\/ca\/nosotros\/"]}]},{"@type":"ImageObject","inLanguage":"ca","@id":"https:\/\/www.nueveojos.com\/ca\/nosotros\/#primaryimage","url":"http:\/\/www.nueveojos.com\/wp-content\/uploads\/mariona-omedes-200x200.jpg","contentUrl":"http:\/\/www.nueveojos.com\/wp-content\/uploads\/mariona-omedes-200x200.jpg"},{"@type":"BreadcrumbList","@id":"https:\/\/www.nueveojos.com\/ca\/nosotros\/#breadcrumb","itemListElement":[{"@type":"ListItem","position":1,"name":"Home","item":"https:\/\/www.nueveojos.com\/"},{"@type":"ListItem","position":2,"name":"Nosaltres"}]},{"@type":"WebSite","@id":"https:\/\/www.nueveojos.com\/#website","url":"https:\/\/www.nueveojos.com\/","name":"nueveojos","description":"Estudi d&#039;art digital i shows multim\u00e8dia","potentialAction":[{"@type":"SearchAction","target":{"@type":"EntryPoint","urlTemplate":"https:\/\/www.nueveojos.com\/?s={search_term_string}"},"query-input":{"@type":"PropertyValueSpecification","valueRequired":true,"valueName":"search_term_string"}}],"inLanguage":"ca"}]}},"_links":{"self":[{"href":"https:\/\/www.nueveojos.com\/ca\/wp-json\/wp\/v2\/pages\/425","targetHints":{"allow":["GET"]}}],"collection":[{"href":"https:\/\/www.nueveojos.com\/ca\/wp-json\/wp\/v2\/pages"}],"about":[{"href":"https:\/\/www.nueveojos.com\/ca\/wp-json\/wp\/v2\/types\/page"}],"author":[{"embeddable":true,"href":"https:\/\/www.nueveojos.com\/ca\/wp-json\/wp\/v2\/users\/1"}],"replies":[{"embeddable":true,"href":"https:\/\/www.nueveojos.com\/ca\/wp-json\/wp\/v2\/comments?post=425"}],"version-history":[{"count":55,"href":"https:\/\/www.nueveojos.com\/ca\/wp-json\/wp\/v2\/pages\/425\/revisions"}],"predecessor-version":[{"id":3617,"href":"https:\/\/www.nueveojos.com\/ca\/wp-json\/wp\/v2\/pages\/425\/revisions\/3617"}],"wp:attachment":[{"href":"https:\/\/www.nueveojos.com\/ca\/wp-json\/wp\/v2\/media?parent=425"}],"curies":[{"name":"wp","href":"https:\/\/api.w.org\/{rel}","templated":true}]}}